{"id":49,"date":"2021-02-23T01:45:08","date_gmt":"2021-02-23T00:45:08","guid":{"rendered":"https:\/\/lotsmore.de\/?page_id=49"},"modified":"2021-08-23T10:18:47","modified_gmt":"2021-08-23T08:18:47","slug":"mediengestaltung","status":"publish","type":"page","link":"https:\/\/lotsmore.de\/?page_id=49","title":{"rendered":"Mediengestaltung"},"content":{"rendered":"<div class=\"mp-row-fluid motopress-row mpce-dsbl-margin-left mpce-dsbl-margin-right\">\n<div class=\"motopress-clmn mp-span12  mpce-dsbl-margin-left mpce-dsbl-margin-right  motopress-space\">\n<div class=\"motopress-space-obj mpce-dsbl-background-image-type mpce-dsbl-background-image mpce-dsbl-background-gradient mpce-dsbl-background-position mpce-dsbl-background-position-x mpce-dsbl-background-position-y mpce-dsbl-background-repeat mpce-dsbl-background-size mpce-dsbl-background-attachment mpce-dsbl-margin-left mpce-dsbl-margin-right mpce-dsbl-background-color mpce-dsbl-border-top-width mpce-dsbl-border-bottom-width mpce-dsbl-border-left-width mpce-dsbl-border-right-width mpce-dsbl-border-top-left-radius mpce-dsbl-border-top-right-radius mpce-dsbl-border-bottom-left-radius mpce-dsbl-border-bottom-right-radius mpce-dsbl-border-style mpce-dsbl-border-color mpce-dsbl-padding-left mpce-dsbl-padding-right mpce-dsbl-margin-top mpce-dsbl-margin-bottom mpce-dsbl-color\"  style=\"min-height: 35px;\" data-min-height=\"35\"><div><\/div><\/div>\n<\/div>\n<\/div>\n<div class=\"mp-row-fluid motopress-row mpce-dsbl-margin-left mpce-dsbl-margin-right\">\n<div class=\"motopress-clmn mp-span12  mpce-dsbl-margin-left mpce-dsbl-margin-right\">\n<div class=\"mp-row-fluid motopress-row mpce-dsbl-margin-left mpce-dsbl-margin-right\">\n<div class=\"motopress-clmn mp-span12 mpce-dsbl-margin-left mpce-dsbl-margin-right\">\n<div class=\"motopress-code-obj\">\n<h4>Mediengestaltung<\/h4>\n<p>Mediengestaltung digital und print umfasst verschiedene T\u00e4tigkeiten in der Druckvorstufe bzw. bei der Produktion digitaler Medien. Ob Werbeflyer, Brosch\u00fcren oder Visitenkarten, wir bringen Ihr Anliegen in anspruchsvollem Design zu Papier. Die enge Zusammenarbeit mit unseren Kunden erm\u00f6glicht uns dabei, s\u00e4mtliche Vorstellungen und W\u00fcnsche optimal umzusetzen.<\/p>\n<p>F\u00fcr etwas, das nur als Idee existiert, haben Sie im Unternehmen lotsmore mediendesign den perfekten Partner f\u00fcr die Umsetzung Ihres grenzenlosen Ideenreichtums gefunden. Unser geschultes Auge erm\u00f6glicht es durch den gezielten Einsatz einer Bildbearbeitung schwierig darzustellende Produktfeatures nachtr\u00e4glich umzusetzen. Wir sehen es als Herausforderung, Ihre Visionen individuell zu realisieren. Hierbei setzen wir auf Qualit\u00e4t, Aktualit\u00e4t und Kreativit\u00e4t.<\/p>\n<\/div>\n<\/div>\n<\/div>\n<div class=\"mp-row-fluid motopress-row mpce-dsbl-margin-left mpce-dsbl-margin-right\">\n<div class=\"motopress-clmn mp-span12 mpce-dsbl-margin-left mpce-dsbl-margin-right\">\n<div class=\"motopress-code-obj\">\n<div class=\"wp3dcarousellightbox_options\" data-skinsfoldername=\"\"  data-jsfolder=\"https:\/\/lotsmore.de\/wp-content\/plugins\/wonderplugin-3dcarousel\/engine\/\" style=\"display:none;\"><\/div>\r\n<div class=\"wonderplugin3dcarousel-container\" id=\"wonderplugin3dcarousel-container-5\" style=\"display:block;position:relative;margin:0 auto;padding:0;\"><div class=\"wonderplugin3dcarousel\" id=\"wonderplugin3dcarousel-5\" data-carouselid=\"5\" data-width=\"400\" data-height=\"300\" data-skin=\"threedslider\" data-donotzoomin=\"false\" data-addimgoverlay=\"false\" data-applylinktohoveroverlay=\"true\" data-showtitle=\"false\" data-showdescription=\"false\" data-showbutton=\"true\" data-arrowsinsidelist=\"true\" data-showplayvideo=\"true\" data-showimgtitle=\"false\" data-addwoocommerceclass=\"true\" data-usedatatitle=\"true\" data-autoslide=\"true\" data-autoslidewhenscrollinview=\"false\" data-pauseonmouseover=\"true\" data-onlyenablelightboxoncenter=\"false\" data-loop=\"true\" data-loopslide=\"true\" data-random=\"false\" data-onlyenableweblinkoncenter=\"false\" data-donotinit=\"false\" data-addinitscript=\"false\" data-doshortcodeontext=\"false\" data-triggerresize=\"false\" data-removeinlinecss=\"true\" data-lightboxresponsive=\"true\" data-lightboxshownavigation=\"true\" data-lightboxnogroup=\"false\" data-lightboxshowtitle=\"true\" data-lightboxshowdescription=\"false\" data-lightboxshownavcontrol=\"true\" data-lightboxhidenavdefault=\"false\" data-lightboximagekeepratio=\"true\" data-lightboxshowsocial=\"false\" data-lightboxshowfacebook=\"true\" data-lightboxshowtwitter=\"true\" data-lightboxshowpinterest=\"true\" data-lightboxsocialrotateeffect=\"true\" data-lightboxfullscreenmode=\"false\" data-lightboxcloseonoverlay=\"true\" data-lightboxvideohidecontrols=\"false\" data-lightboxautoslide=\"false\" data-lightboxshowtimer=\"true\" data-lightboxshowplaybutton=\"true\" data-lightboxalwaysshownavarrows=\"false\" data-lightboxshowtitleprefix=\"true\" data-template=\"3dslider\" data-scalemode=\"fill\" data-imghovereffect=\"fade\" data-itembgcolor=\"transparent\" data-itemborder=\"0\" data-carouselmargin=\"48px 0\" data-medium_carouselmargin=\"48px 0\" data-small_carouselmargin=\"32px 0\" data-textstyle=\"always\" data-texteffect=\"none\" data-arrowstyle=\"mouseover\" data-arrowpos=\"side\" data-arrowimage=\"arrows-48-48-4.png\" data-arrowwidth=\"48\" data-arrowheight=\"48\" data-arrowanimation=\"slide\" data-navstyle=\"bullets\" data-navimage=\"bullet-16-16-0.png\" data-navwidth=\"16\" data-navheight=\"16\" data-navspacing=\"8\" data-playvideoimage=\"playvideo-64-64-0.png\" data-playvideoposition=\"center center\" data-imgtitle=\"title\" data-autoslidedir=\"right\" data-slideinterval=\"5000\" data-firstitem=\"0\" data-visibleitems=\"5\" data-perspective=\"2000\" data-xdis=\"300\" data-zdis=\"300\" data-yrotate=\"45\" data-transition=\"all 0.5s ease-in-out\" data-medium_screenwidth=\"768\" data-medium_width=\"400\" data-medium_height=\"300\" data-medium_visibleitems=\"3\" data-medium_perspective=\"2000\" data-medium_xdis=\"300\" data-medium_zdis=\"300\" data-medium_yrotate=\"45\" data-medium_transition=\"all 0.5s ease-in-out\" data-small_screenwidth=\"414\" data-small_width=\"300\" data-small_height=\"200\" data-small_visibleitems=\"1\" data-small_perspective=\"2000\" data-small_xdis=\"300\" data-small_zdis=\"300\" data-small_yrotate=\"45\" data-small_transition=\"all 0.5s ease-in-out\" data-facemode=\"circle\" data-itemspace=\"8\" data-rotatex=\"-8\" data-scaleratio=\"1.2\" data-triggerresizedelay=\"100\" data-lightboxthumbwidth=\"90\" data-lightboxthumbheight=\"60\" data-lightboxthumbtopmargin=\"12\" data-lightboxthumbbottommargin=\"4\" data-lightboxbarheight=\"64\" data-lightboxtitlebottomcss=\"{color:#333; font-size:14px; font-family:Armata,sans-serif,Arial; overflow:hidden; text-align:left;}\" data-lightboxdescriptionbottomcss=\"{color:#333; font-size:12px; font-family:Arial,Helvetica,sans-serif; overflow:hidden; text-align:left; margin:4px 0px 0px; padding: 0px;}\" data-lightboxnavbgcolor=\"rgba(0,0,0,0.2)\" data-lightboxtitlestyle=\"bottom\" data-lightboximagepercentage=\"75\" data-lightboxdefaultvideovolume=\"1\" data-lightboxoverlaybgcolor=\"#000\" data-lightboxoverlayopacity=\"0.9\" data-lightboxbgcolor=\"#fff\" data-lightboxtitleprefix=\"%NUM \/ %TOTAL\" data-lightboxtitleinsidecss=\"color:#fff; font-size:16px; font-family:Arial,Helvetica,sans-serif; overflow:hidden; text-align:left;\" data-lightboxdescriptioninsidecss=\"color:#fff; font-size:12px; font-family:Arial,Helvetica,sans-serif; overflow:hidden; text-align:left; margin:4px 0px 0px; padding: 0px;\" data-lightboxsocialposition=\"position:absolute;top:100%;right:0;\" data-lightboxsocialpositionsmallscreen=\"position:absolute;top:100%;right:0;left:0;\" data-lightboxsocialdirection=\"horizontal\" data-lightboxsocialbuttonsize=\"32\" data-lightboxsocialbuttonfontsize=\"18\" data-lightboxslideinterval=\"5000\" data-lightboxtimerposition=\"bottom\" data-lightboxtimercolor=\"#dc572e\" data-lightboxtimeropacity=\"1\" data-lightboxbordersize=\"8\" data-lightboxborderradius=\"0\" data-jsfolder=\"https:\/\/lotsmore.de\/wp-content\/plugins\/wonderplugin-3dcarousel\/engine\/\" style=\"display:none;position:relative;margin:0 auto;width:100%;max-width:100%;\" ><div class=\"wonderplugin3dcarousel-list-container\"><ul class=\"wonderplugin3dcarousel-list\"><li class=\"wonderplugin3dcarousel-item lightboxcontainer\"><div class=\"wonderplugin3dcarousel-item-extrainfo lightboxextrainfo\"><div class=\"wonderplugin3dcarousel-item-text-title lightboxtitle\">Broschu\u0308re MZ05<\/div><\/div><div class=\"wonderplugin3dcarousel-item-container\"><div class=\"wonderplugin3dcarousel-content\">\n\t<div class=\"wonderplugin3dcarousel-image\"><a href=\"https:\/\/lotsmore.de\/wp-content\/uploads\/2021\/06\/Broschu\u0308re-MZ05-scaled.jpg\" data-thumbnail=\"https:\/\/lotsmore.de\/wp-content\/uploads\/2021\/06\/Broschu\u0308re-MZ05-1024x740.jpg\" class=\"wp3dcarousellightbox wp3dcarousellightbox-5\" data-group=\"wp3dcarousellightbox-5\"><div class=\"wonderplugin3dcarousel-img-container\"><img decoding=\"async\" class=\"wonderplugin3dcarousel-img\" src=\"https:\/\/lotsmore.de\/wp-content\/uploads\/2021\/06\/Broschu\u0308re-MZ05-scaled.jpg\" alt=\"Broschu\u0308re MZ05\" \/><\/div><\/a><\/div>\n<\/div><\/div><\/li><li class=\"wonderplugin3dcarousel-item lightboxcontainer\"><div class=\"wonderplugin3dcarousel-item-extrainfo lightboxextrainfo\"><div class=\"wonderplugin3dcarousel-item-text-title lightboxtitle\">Muster Buch_3<\/div><\/div><div class=\"wonderplugin3dcarousel-item-container\"><div class=\"wonderplugin3dcarousel-content\">\n\t<div class=\"wonderplugin3dcarousel-image\"><a href=\"https:\/\/lotsmore.de\/wp-content\/uploads\/2021\/06\/Muster-Buch_3.jpg\" data-thumbnail=\"https:\/\/lotsmore.de\/wp-content\/uploads\/2021\/06\/Muster-Buch_3-1024x434.jpg\" class=\"wp3dcarousellightbox wp3dcarousellightbox-5\" data-group=\"wp3dcarousellightbox-5\"><div class=\"wonderplugin3dcarousel-img-container\"><img decoding=\"async\" class=\"wonderplugin3dcarousel-img\" src=\"https:\/\/lotsmore.de\/wp-content\/uploads\/2021\/06\/Muster-Buch_3.jpg\" alt=\"Muster Buch_3\" \/><\/div><\/a><\/div>\n<\/div><\/div><\/li><li class=\"wonderplugin3dcarousel-item lightboxcontainer\"><div class=\"wonderplugin3dcarousel-item-extrainfo lightboxextrainfo\"><div class=\"wonderplugin3dcarousel-item-text-title lightboxtitle\">Muster Buch_2<\/div><\/div><div class=\"wonderplugin3dcarousel-item-container\"><div class=\"wonderplugin3dcarousel-content\">\n\t<div class=\"wonderplugin3dcarousel-image\"><a href=\"https:\/\/lotsmore.de\/wp-content\/uploads\/2021\/06\/Muster-Buch_2.jpg\" data-thumbnail=\"https:\/\/lotsmore.de\/wp-content\/uploads\/2021\/06\/Muster-Buch_2-1024x434.jpg\" class=\"wp3dcarousellightbox wp3dcarousellightbox-5\" data-group=\"wp3dcarousellightbox-5\"><div class=\"wonderplugin3dcarousel-img-container\"><img decoding=\"async\" class=\"wonderplugin3dcarousel-img\" src=\"https:\/\/lotsmore.de\/wp-content\/uploads\/2021\/06\/Muster-Buch_2.jpg\" alt=\"Muster Buch_2\" \/><\/div><\/a><\/div>\n<\/div><\/div><\/li><li class=\"wonderplugin3dcarousel-item lightboxcontainer\"><div class=\"wonderplugin3dcarousel-item-extrainfo lightboxextrainfo\"><div class=\"wonderplugin3dcarousel-item-text-title lightboxtitle\">Muster Buch_1<\/div><\/div><div class=\"wonderplugin3dcarousel-item-container\"><div class=\"wonderplugin3dcarousel-content\">\n\t<div class=\"wonderplugin3dcarousel-image\"><a href=\"https:\/\/lotsmore.de\/wp-content\/uploads\/2021\/06\/Muster-Buch_1.jpg\" data-thumbnail=\"https:\/\/lotsmore.de\/wp-content\/uploads\/2021\/06\/Muster-Buch_1-1024x434.jpg\" class=\"wp3dcarousellightbox wp3dcarousellightbox-5\" data-group=\"wp3dcarousellightbox-5\"><div class=\"wonderplugin3dcarousel-img-container\"><img decoding=\"async\" class=\"wonderplugin3dcarousel-img\" src=\"https:\/\/lotsmore.de\/wp-content\/uploads\/2021\/06\/Muster-Buch_1.jpg\" alt=\"Muster Buch_1\" \/><\/div><\/a><\/div>\n<\/div><\/div><\/li><li class=\"wonderplugin3dcarousel-item lightboxcontainer\"><div class=\"wonderplugin3dcarousel-item-extrainfo lightboxextrainfo\"><div class=\"wonderplugin3dcarousel-item-text-title lightboxtitle\">Plakat_Verkaufsoffener_Sonntag_final2.indd<\/div><\/div><div class=\"wonderplugin3dcarousel-item-container\"><div class=\"wonderplugin3dcarousel-content\">\n\t<div class=\"wonderplugin3dcarousel-image\"><a href=\"https:\/\/lotsmore.de\/wp-content\/uploads\/2021\/06\/Plakat_Verkaufsoffener_Sonntag-scaled.jpg\" data-thumbnail=\"https:\/\/lotsmore.de\/wp-content\/uploads\/2021\/06\/Plakat_Verkaufsoffener_Sonntag-726x1024.jpg\" class=\"wp3dcarousellightbox wp3dcarousellightbox-5\" data-group=\"wp3dcarousellightbox-5\"><div class=\"wonderplugin3dcarousel-img-container\"><img decoding=\"async\" class=\"wonderplugin3dcarousel-img\" src=\"https:\/\/lotsmore.de\/wp-content\/uploads\/2021\/06\/Plakat_Verkaufsoffener_Sonntag-scaled.jpg\" alt=\"Plakat_Verkaufsoffener_Sonntag_final2.indd\" \/><\/div><\/a><\/div>\n<\/div><\/div><\/li><li class=\"wonderplugin3dcarousel-item lightboxcontainer\"><div class=\"wonderplugin3dcarousel-item-extrainfo lightboxextrainfo\"><div class=\"wonderplugin3dcarousel-item-text-title lightboxtitle\">Banner_flyeralarm.indd<\/div><\/div><div class=\"wonderplugin3dcarousel-item-container\"><div class=\"wonderplugin3dcarousel-content\">\n\t<div class=\"wonderplugin3dcarousel-image\"><a href=\"https:\/\/lotsmore.de\/wp-content\/uploads\/2021\/06\/Banner_402x102-scaled.jpg\" data-thumbnail=\"https:\/\/lotsmore.de\/wp-content\/uploads\/2021\/06\/Banner_402x102-1024x260.jpg\" class=\"wp3dcarousellightbox wp3dcarousellightbox-5\" data-group=\"wp3dcarousellightbox-5\"><div class=\"wonderplugin3dcarousel-img-container\"><img decoding=\"async\" class=\"wonderplugin3dcarousel-img\" src=\"https:\/\/lotsmore.de\/wp-content\/uploads\/2021\/06\/Banner_402x102-scaled.jpg\" alt=\"Banner_flyeralarm.indd\" \/><\/div><\/a><\/div>\n<\/div><\/div><\/li><li class=\"wonderplugin3dcarousel-item lightboxcontainer\"><div class=\"wonderplugin3dcarousel-item-extrainfo lightboxextrainfo\"><div class=\"wonderplugin3dcarousel-item-text-title lightboxtitle\">Buch Rippon_03<\/div><\/div><div class=\"wonderplugin3dcarousel-item-container\"><div class=\"wonderplugin3dcarousel-content\">\n\t<div class=\"wonderplugin3dcarousel-image\"><a href=\"https:\/\/lotsmore.de\/wp-content\/uploads\/2021\/06\/Buch-Rippon_03-scaled.jpg\" data-thumbnail=\"https:\/\/lotsmore.de\/wp-content\/uploads\/2021\/06\/Buch-Rippon_03-1024x694.jpg\" class=\"wp3dcarousellightbox wp3dcarousellightbox-5\" data-group=\"wp3dcarousellightbox-5\"><div class=\"wonderplugin3dcarousel-img-container\"><img decoding=\"async\" class=\"wonderplugin3dcarousel-img\" src=\"https:\/\/lotsmore.de\/wp-content\/uploads\/2021\/06\/Buch-Rippon_03-scaled.jpg\" alt=\"Buch Rippon_03\" \/><\/div><\/a><\/div>\n<\/div><\/div><\/li><li class=\"wonderplugin3dcarousel-item lightboxcontainer\"><div class=\"wonderplugin3dcarousel-item-extrainfo lightboxextrainfo\"><div class=\"wonderplugin3dcarousel-item-text-title lightboxtitle\">Buch Rippon_02<\/div><\/div><div class=\"wonderplugin3dcarousel-item-container\"><div class=\"wonderplugin3dcarousel-content\">\n\t<div class=\"wonderplugin3dcarousel-image\"><a href=\"https:\/\/lotsmore.de\/wp-content\/uploads\/2021\/06\/Buch-Rippon_02-scaled.jpg\" data-thumbnail=\"https:\/\/lotsmore.de\/wp-content\/uploads\/2021\/06\/Buch-Rippon_02-1024x674.jpg\" class=\"wp3dcarousellightbox wp3dcarousellightbox-5\" data-group=\"wp3dcarousellightbox-5\"><div class=\"wonderplugin3dcarousel-img-container\"><img decoding=\"async\" class=\"wonderplugin3dcarousel-img\" src=\"https:\/\/lotsmore.de\/wp-content\/uploads\/2021\/06\/Buch-Rippon_02-scaled.jpg\" alt=\"Buch Rippon_02\" \/><\/div><\/a><\/div>\n<\/div><\/div><\/li><li class=\"wonderplugin3dcarousel-item lightboxcontainer\"><div class=\"wonderplugin3dcarousel-item-extrainfo lightboxextrainfo\"><div class=\"wonderplugin3dcarousel-item-text-title lightboxtitle\">Buch Rippon_01<\/div><\/div><div class=\"wonderplugin3dcarousel-item-container\"><div class=\"wonderplugin3dcarousel-content\">\n\t<div class=\"wonderplugin3dcarousel-image\"><a href=\"https:\/\/lotsmore.de\/wp-content\/uploads\/2021\/06\/Buch-Rippon_01-scaled.jpg\" data-thumbnail=\"https:\/\/lotsmore.de\/wp-content\/uploads\/2021\/06\/Buch-Rippon_01-1024x702.jpg\" class=\"wp3dcarousellightbox wp3dcarousellightbox-5\" data-group=\"wp3dcarousellightbox-5\"><div class=\"wonderplugin3dcarousel-img-container\"><img decoding=\"async\" class=\"wonderplugin3dcarousel-img\" src=\"https:\/\/lotsmore.de\/wp-content\/uploads\/2021\/06\/Buch-Rippon_01-scaled.jpg\" alt=\"Buch Rippon_01\" \/><\/div><\/a><\/div>\n<\/div><\/div><\/li><li class=\"wonderplugin3dcarousel-item lightboxcontainer\"><div class=\"wonderplugin3dcarousel-item-extrainfo lightboxextrainfo\"><div class=\"wonderplugin3dcarousel-item-text-title lightboxtitle\">Broschu\u0308re Glanbote<\/div><\/div><div class=\"wonderplugin3dcarousel-item-container\"><div class=\"wonderplugin3dcarousel-content\">\n\t<div class=\"wonderplugin3dcarousel-image\"><a href=\"https:\/\/lotsmore.de\/wp-content\/uploads\/2021\/06\/Broschu\u0308re-Glanbote-scaled.jpg\" data-thumbnail=\"https:\/\/lotsmore.de\/wp-content\/uploads\/2021\/06\/Broschu\u0308re-Glanbote-1024x748.jpg\" class=\"wp3dcarousellightbox wp3dcarousellightbox-5\" data-group=\"wp3dcarousellightbox-5\"><div class=\"wonderplugin3dcarousel-img-container\"><img decoding=\"async\" class=\"wonderplugin3dcarousel-img\" src=\"https:\/\/lotsmore.de\/wp-content\/uploads\/2021\/06\/Broschu\u0308re-Glanbote-scaled.jpg\" alt=\"Broschu\u0308re Glanbote\" \/><\/div><\/a><\/div>\n<\/div><\/div><\/li><\/ul><\/div><\/div><\/div><script>function wp3dcarousel_5_appendcss(csscode) {var head=document.head || document.getElementsByTagName(\"head\")[0];var style=document.createElement(\"style\");head.appendChild(style);style.type=\"text\/css\";if (style.styleSheet){style.styleSheet.cssText=csscode;} else {style.appendChild(document.createTextNode(csscode));}};wp3dcarousel_5_appendcss(\"@import url(https:\/\/fonts.googleapis.com\/css?family=Open+Sans);  #wonderplugin3dcarousel-5 .wonderplugin3dcarousel-hoveroverlay-title { \ttext-align: center;  \tfont-size: 16px; \tmargin: 0 auto; \tpadding: 8px; }  #wonderplugin3dcarousel-5 .wonderplugin3dcarousel-hoveroverlay-description { \ttext-align: center; \tfont-size: 12px; \tmargin: 0 auto; \tpadding: 8px; }  #wonderplugin3dcarousel-5 .wonderplugin3dcarousel-hoveroverlay-button { \ttext-align: center; }  #wonderplugin3dcarousel-5 .wonderplugin3dcarousel-content-title { \ttext-align: center;  \tfont-size: 16px; \tmargin: 8px auto; \tpadding: 0; }  #wonderplugin3dcarousel-5 .wonderplugin3dcarousel-content-description { \ttext-align: center; \tfont-size: 12px; \tmargin: 8px auto; \tpadding: 0; }  #wonderplugin3dcarousel-5 .wonderplugin3dcarousel-title { \ttext-align: center;  \tfont-size: 16px; \tmargin: 0 auto; \tpadding: 8px; }  #wonderplugin3dcarousel-5 .wonderplugin3dcarousel-description { \ttext-align: center; \tfont-size: 12px; \tmargin: 0 auto; \tpadding: 8px; }  #wonderplugin3dcarousel-5 .wonderplugin3dcarousel-button { \ttext-align: center; \tmargin: 0 auto; }  #wonderplugin3dcarousel-5 .wonderplugin3dcarousel-content { \tposition: relative; \tdisplay: block; }  #wonderplugin3dcarousel-5 .wonderplugin3dcarousel-hoveroverlay { \tposition: absolute; \tdisplay: block; \ttop: 0; \tleft: 0; \twidth: 100%; \theight: 100%; \tmargin: 0; \tpadding: 8px; \tbox-sizing: border-box; \tbackground-color: #f8f8f8; }  #wonderplugin3dcarousel-5 .wonderplugin3dcarousel-hoveroverlay-text { \tdisplay: block; \tposition: absolute; \twidth:100%; \ttop: 50%; \tleft:0; \ttransform: translateY(-50%); \t-webkit-transform: translateY(-50%); \tbackface-visibility: hidden; \t-webkit-backface-visibility: hidden; }  #wonderplugin3dcarousel-5 .wonderplugin3dcarousel-img-overlay { \tdisplay: block; \tposition: absolute; \ttop: 0; \tleft: 0; \twidth: 100%; \theight: 100%; \tbackground-color: #000; \topacity: 0.5; \ttransition: opacity 0.3s; }  #wonderplugin3dcarousel-5 .wonderplugin3dcarousel-img-overlay:hover, #wonderplugin3dcarousel-5 .wonderplugin3dcarousel-item-current .wonderplugin3dcarousel-img-overlay { \topacity: 0; }  #wonderplugin3dcarousel-5 .wonderplugin3dcarousel-nav { \tdisplay: block; \tposition: relative; \tmargin: 0 auto; \tpadding: 8px; }\");<\/script>\n<\/div>\n<\/div>\n<\/div>\n<\/div>\n<\/div>\n<div class=\"mp-row-fluid motopress-row mpce-dsbl-margin-left mpce-dsbl-margin-right\">\n<div class=\"motopress-clmn mp-span12  mpce-dsbl-margin-left mpce-dsbl-margin-right\">\n<div class=\"mp-row-fluid motopress-row mpce-dsbl-margin-left mpce-dsbl-margin-right\">\n<div class=\"motopress-clmn mp-span12 mpce-dsbl-margin-left mpce-dsbl-margin-right\">\n<div class=\"motopress-code-obj\">\n<hr \/>\n<\/div>\n<\/div>\n<\/div>\n<div class=\"mp-row-fluid motopress-row mpce-dsbl-margin-left mpce-dsbl-margin-right\">\n<div class=\"motopress-clmn mp-span12 mpce-dsbl-margin-left mpce-dsbl-margin-right\">\n<div class=\"motopress-code-obj\">\n<h4>Corporate Design<\/h4>\n<p>Sie wollen sich mit Ihrem Unternehmen von der breiten Masse abheben? Wir erarbeiten f\u00fcr Sie ein modernes, hochwertiges Corporate Design f\u00fcr alle Medien!<\/p>\n<h5>Die Entwicklung<\/h5>\n<p>Wir bieten Ihnen die komplette Gestaltung und Umsetzung eines Corporate Designs, um f\u00fcr Sie ein einheitliches Erscheinungsbild und dadurch einen hohen Wiedererkennungswert f\u00fcr Ihr Unternehmen zu schaffen. Hierzu z\u00e4hlt vor allem die einheitliche Gestaltung aller Kommunikationsmittel in Bezug auf Logo, Farbe, Schrift und Bild.<\/p>\n<h5>Der Refresh<\/h5>\n<p>Hierbei findet eine Modernisierung und \u00dcberarbeitung des bestehenden Corporate Designs statt, wenn Sie sich als Unternehmen neu ausrichten oder weiterentwickeln wollen.<\/p>\n<\/div>\n<\/div>\n<\/div>\n<\/div>\n<\/div>\n","protected":false},"excerpt":{"rendered":"Mediengestaltung Mediengestaltung digital und print umfasst verschiedene T\u00e4tigkeiten in der Druckvorstufe bzw. bei [&hellip;]","protected":false},"author":1,"featured_media":0,"parent":45,"menu_order":0,"comment_status":"closed","ping_status":"closed","template":"","meta":{"footnotes":""},"_links":{"self":[{"href":"https:\/\/lotsmore.de\/index.php?rest_route=\/wp\/v2\/pages\/49"}],"collection":[{"href":"https:\/\/lotsmore.de\/index.php?rest_route=\/wp\/v2\/pages"}],"about":[{"href":"https:\/\/lotsmore.de\/index.php?rest_route=\/wp\/v2\/types\/page"}],"author":[{"embeddable":true,"href":"https:\/\/lotsmore.de\/index.php?rest_route=\/wp\/v2\/users\/1"}],"replies":[{"embeddable":true,"href":"https:\/\/lotsmore.de\/index.php?rest_route=%2Fwp%2Fv2%2Fcomments&post=49"}],"version-history":[{"count":6,"href":"https:\/\/lotsmore.de\/index.php?rest_route=\/wp\/v2\/pages\/49\/revisions"}],"predecessor-version":[{"id":526,"href":"https:\/\/lotsmore.de\/index.php?rest_route=\/wp\/v2\/pages\/49\/revisions\/526"}],"up":[{"embeddable":true,"href":"https:\/\/lotsmore.de\/index.php?rest_route=\/wp\/v2\/pages\/45"}],"wp:attachment":[{"href":"https:\/\/lotsmore.de\/index.php?rest_route=%2Fwp%2Fv2%2Fmedia&parent=49"}],"curies":[{"name":"wp","href":"https:\/\/api.w.org\/{rel}","templated":true}]}}