{"id":41,"date":"2021-02-23T01:43:05","date_gmt":"2021-02-23T00:43:05","guid":{"rendered":"https:\/\/lotsmore.de\/?page_id=41"},"modified":"2021-08-13T17:03:06","modified_gmt":"2021-08-13T15:03:06","slug":"ueber-uns","status":"publish","type":"page","link":"https:\/\/lotsmore.de\/?page_id=41","title":{"rendered":"\u00dcber Uns"},"content":{"rendered":"<div class=\"mp-row-fluid motopress-row mpce-dsbl-margin-left mpce-dsbl-margin-right\">\n<div class=\"motopress-clmn mp-span12  mpce-dsbl-margin-left mpce-dsbl-margin-right  motopress-space\">\n<div class=\"motopress-space-obj mpce-dsbl-background-image-type mpce-dsbl-background-image mpce-dsbl-background-gradient mpce-dsbl-background-position mpce-dsbl-background-position-x mpce-dsbl-background-position-y mpce-dsbl-background-repeat mpce-dsbl-background-size mpce-dsbl-background-attachment mpce-dsbl-margin-left mpce-dsbl-margin-right mpce-dsbl-background-color mpce-dsbl-border-top-width mpce-dsbl-border-bottom-width mpce-dsbl-border-left-width mpce-dsbl-border-right-width mpce-dsbl-border-top-left-radius mpce-dsbl-border-top-right-radius mpce-dsbl-border-bottom-left-radius mpce-dsbl-border-bottom-right-radius mpce-dsbl-border-style mpce-dsbl-border-color mpce-dsbl-padding-left mpce-dsbl-padding-right mpce-dsbl-margin-top mpce-dsbl-margin-bottom mpce-dsbl-color\"  style=\"min-height: 30px;\" data-min-height=\"30\"><div><\/div><\/div>\n<\/div>\n<\/div>\n<div class=\"mp-row-fluid motopress-row mpce-dsbl-margin-left mpce-dsbl-margin-right\">\n<div class=\"motopress-clmn mp-span8  mpce-dsbl-margin-left mpce-dsbl-margin-right\">\n<div class=\"motopress-code-obj\">\n<h4>\u00dcber Uns<\/h4>\n<p>Unser junges, innovatives Unternehmen existiert seit 2011 und wir m\u00f6chten Ihnen hiermit einen kurzen Einblick \u00fcber die Firmenphilosophie gew\u00e4hren.<\/p>\n<p>Jahrzehntelanges Know-How, sowie Qualit\u00e4t und Kundenorientierung sind wesentliche Aspekte unseres Erfolges. Mediengestaltung digital und print, sowie moderne Fotografie \u2013 diese Leistungen bilden unseren Schwerpunkt und lassen sich vielf\u00e4ltig variieren. Kurze Kommunikationswege und der Einsatz modernster Technik bieten die M\u00f6glichkeit, Produktionen wirtschaftlich und qualitativ hochwertig abzuwickeln. Durch ein Netzwerk externer Zulieferer sind wir selbstverst\u00e4ndlich in der Lage, auch sehr komplexe Projekte abzuwickeln. Zu unseren Kunden geh\u00f6ren kleine und gro\u00dfe Unternehmen, Start-Ups, genauso wie bodenst\u00e4ndige Handwerksunternehmen.<\/p>\n<\/div>\n<\/div>\n<div class=\"motopress-clmn mp-span4  mpce-dsbl-margin-left mpce-dsbl-margin-right\">\n<div class=\"motopress-image-obj motopress-text-align-left\"><img decoding=\"async\" src=\"https:\/\/lotsmore.de\/wp-content\/uploads\/2021\/08\/Stefan_2021_sw-scaled.jpg\" title=\"Stefan_2021_sw\" alt=\"Stefan_2021_sw\" class=\"motopress-image-obj-basic mpce-dsbl-margin-left mpce-dsbl-margin-right mpce-dsbl-margin-top mpce-dsbl-margin-bottom\" \/><\/div>\n<\/div>\n<\/div>\n<div class=\"mp-row-fluid motopress-row mpce-dsbl-margin-left mpce-dsbl-margin-right\">\n<div class=\"motopress-clmn mp-span12  mpce-dsbl-margin-left mpce-dsbl-margin-right\">\n<div class=\"mp-row-fluid motopress-row mpce-dsbl-margin-left mpce-dsbl-margin-right\">\n<div class=\"motopress-clmn mp-span12 mpce-dsbl-margin-left mpce-dsbl-margin-right\">\n<div class=\"motopress-code-obj\">\n<hr \/>\n<\/div>\n<\/div>\n<\/div>\n<div class=\"mp-row-fluid motopress-row mpce-dsbl-margin-left mpce-dsbl-margin-right\">\n<div class=\"motopress-clmn mp-span12 mpce-dsbl-margin-left mpce-dsbl-margin-right\">\n<div class=\"motopress-code-obj\">\n<h4>Warum lotsmore mediendesign ?<\/h4>\n<p>Von der Idee bis zur Umsetzung\u2026.. alle Leistungen aus einer Hand. Sowohl bei der Entwicklung als auch bei der Produktion greifen wir auf ein eingespieltes Team zur\u00fcck.<\/p>\n<\/div>\n<\/div>\n<\/div>\n<\/div>\n<\/div>\n<div class=\"mp-row-fluid motopress-row mpce-dsbl-margin-left mpce-dsbl-margin-right\">\n<div class=\"motopress-clmn mp-span2  mpce-dsbl-margin-left mpce-dsbl-margin-right\">\n<div class=\"motopress-image-obj motopress-text-align-left\"><img decoding=\"async\" src=\"https:\/\/lotsmore.de\/wp-content\/uploads\/2021\/06\/schaubild-kundenwunsch-300x273.png\" title=\"schaubild-kundenwunsch\" alt=\"schaubild-kundenwunsch\" class=\"motopress-image-obj-basic mpce-dsbl-margin-left mpce-dsbl-margin-right mpce-dsbl-margin-top mpce-dsbl-margin-bottom\" \/><\/div>\n<\/div>\n<div class=\"motopress-clmn mp-span2  mpce-dsbl-margin-left mpce-dsbl-margin-right\">\n<div class=\"motopress-image-obj motopress-text-align-left\"><img decoding=\"async\" src=\"https:\/\/lotsmore.de\/wp-content\/uploads\/2021\/06\/schaubild-analyse.png\" title=\"schaubild-analyse\" alt=\"schaubild-analyse\" class=\"motopress-image-obj-basic mpce-dsbl-margin-left mpce-dsbl-margin-right mpce-dsbl-margin-top mpce-dsbl-margin-bottom\" \/><\/div>\n<\/div>\n<div class=\"motopress-clmn mp-span2  mpce-dsbl-margin-left mpce-dsbl-margin-right\">\n<div class=\"motopress-image-obj motopress-text-align-left\"><img decoding=\"async\" src=\"https:\/\/lotsmore.de\/wp-content\/uploads\/2021\/06\/schaubild-vision.png\" title=\"schaubild-vision\" alt=\"schaubild-vision\" class=\"motopress-image-obj-basic mpce-dsbl-margin-left mpce-dsbl-margin-right mpce-dsbl-margin-top mpce-dsbl-margin-bottom\" \/><\/div>\n<\/div>\n<div class=\"motopress-clmn mp-span2  mpce-dsbl-margin-left mpce-dsbl-margin-right\">\n<div class=\"motopress-image-obj motopress-text-align-left\"><img decoding=\"async\" src=\"https:\/\/lotsmore.de\/wp-content\/uploads\/2021\/06\/schaubild-entwurf.png\" title=\"schaubild-entwurf\" alt=\"schaubild-entwurf\" class=\"motopress-image-obj-basic mpce-dsbl-margin-left mpce-dsbl-margin-right mpce-dsbl-margin-top mpce-dsbl-margin-bottom\" \/><\/div>\n<\/div>\n<div class=\"motopress-clmn mp-span2  mpce-dsbl-margin-left mpce-dsbl-margin-right\">\n<div class=\"motopress-image-obj motopress-text-align-left\"><img decoding=\"async\" src=\"https:\/\/lotsmore.de\/wp-content\/uploads\/2021\/06\/schaubild-umsetzung.png\" title=\"schaubild-umsetzung\" alt=\"schaubild-umsetzung\" class=\"motopress-image-obj-basic mpce-dsbl-margin-left mpce-dsbl-margin-right mpce-dsbl-margin-top mpce-dsbl-margin-bottom\" \/><\/div>\n<\/div>\n<div class=\"motopress-clmn mp-span2  mpce-dsbl-margin-left mpce-dsbl-margin-right\">\n<div class=\"motopress-image-obj motopress-text-align-left\"><img decoding=\"async\" src=\"https:\/\/lotsmore.de\/wp-content\/uploads\/2021\/06\/schaubild-endprodukt.png\" title=\"schaubild-endprodukt\" alt=\"schaubild-endprodukt\" class=\"motopress-image-obj-basic mpce-dsbl-margin-left mpce-dsbl-margin-right mpce-dsbl-margin-top mpce-dsbl-margin-bottom\" \/><\/div>\n<\/div>\n<\/div>\n","protected":false},"excerpt":{"rendered":"\u00dcber Uns Unser junges, innovatives Unternehmen existiert seit 2011 und wir m\u00f6chten Ihnen [&hellip;]","protected":false},"author":1,"featured_media":0,"parent":39,"menu_order":0,"comment_status":"closed","ping_status":"closed","template":"","meta":{"footnotes":""},"_links":{"self":[{"href":"https:\/\/lotsmore.de\/index.php?rest_route=\/wp\/v2\/pages\/41"}],"collection":[{"href":"https:\/\/lotsmore.de\/index.php?rest_route=\/wp\/v2\/pages"}],"about":[{"href":"https:\/\/lotsmore.de\/index.php?rest_route=\/wp\/v2\/types\/page"}],"author":[{"embeddable":true,"href":"https:\/\/lotsmore.de\/index.php?rest_route=\/wp\/v2\/users\/1"}],"replies":[{"embeddable":true,"href":"https:\/\/lotsmore.de\/index.php?rest_route=%2Fwp%2Fv2%2Fcomments&post=41"}],"version-history":[{"count":8,"href":"https:\/\/lotsmore.de\/index.php?rest_route=\/wp\/v2\/pages\/41\/revisions"}],"predecessor-version":[{"id":497,"href":"https:\/\/lotsmore.de\/index.php?rest_route=\/wp\/v2\/pages\/41\/revisions\/497"}],"up":[{"embeddable":true,"href":"https:\/\/lotsmore.de\/index.php?rest_route=\/wp\/v2\/pages\/39"}],"wp:attachment":[{"href":"https:\/\/lotsmore.de\/index.php?rest_route=%2Fwp%2Fv2%2Fmedia&parent=41"}],"curies":[{"name":"wp","href":"https:\/\/api.w.org\/{rel}","templated":true}]}}